{"id":11,"date":"2013-10-24T13:59:24","date_gmt":"2013-10-24T11:59:24","guid":{"rendered":"http:\/\/www.ciliates.at\/en\/?page_id=11"},"modified":"2020-08-17T13:05:04","modified_gmt":"2020-08-17T11:05:04","slug":"publications","status":"publish","type":"page","link":"http:\/\/ciliatenets.ciliates.at\/en\/publications\/","title":{"rendered":"Publications"},"content":{"rendered":"<p><a href=\"http:\/\/www.ciliates.at\/publikationen\/\"><strong>2020<\/strong><\/a><\/p>\n<p>For more details see <a href=\"http:\/\/www.ciliates.at\/publikationen\/\">www.ciliates.at<\/a><\/p>\n<p><strong>2019<\/strong><br \/>\nPitsch G, Bruni EP, Forster D, Qu Z, Sonntag B, Stoeck T, Posch T (2019) Seasonality of planktonic freshwater ciliates: are analyses based on V9 regions of the 18S rRNA gene correlated with morphospecies counts? Frontiers in Microbiology: Aquatic Microbiology 10:248. <a href=\"https:\/\/www.frontiersin.org\/articles\/10.3389\/fmicb.2019.00248\/full\">PDF<\/a><\/p>\n<p><strong>2018<\/strong><br \/>\nKammerlander B, Tartarotti B, Sonntag B (2017) The impact of UV radiation on <em>Paramecium<\/em> populations from alpine lakes. Journal of Eukaryotic Microbiology. doi:10.1111\/jeu.12463. <a href=\"http:\/\/onlinelibrary.wiley.com\/doi\/10.1111\/jeu.12463\/full\">PDF<\/a><\/p>\n<p><strong>2017<\/strong><br \/>\nPitsch G, Adamec L, Dirren S, Nitsche F, \u0160imek K, Sirov\u00e1 D, Posch T (2017) The Green <em>Tetrahymena utriculariae<\/em> n. sp. (Ciliophora, Oligohymenophorea) with its Endosymbiotic Algae <em>(Micractinium<\/em> sp.), Living in Traps of a Carnivorous Aquatic Plant. Journal of Eukaryotic Microbiology 64: 322-335. doi: 10.1111\/jeu.12369. <a href=\"http:\/\/onlinelibrary.wiley.com\/doi\/10.1111\/jeu.12369\/abstract\">PDF<\/a><\/p>\n<p>Shabarova T, Kasalick\u00fd V, \u0160imek K, Nedoma J, Znachor P, Posch T, Pernthaler J, Salcher MM (2017) Distribution and ecological preferences of the freshwater lineage LimA (genus <em>Limnohabitans)<\/em> revealed by a new double hybridisation approach. Environmental Microbiology 19: 1296-1309. doi:10.1111\/1462-2920.13663. <a href=\"http:\/\/onlinelibrary.wiley.com\/doi\/10.1111\/1462-2920.13663\/abstract?systemMessage=Wiley+Online+Library+%27Journal+Subscribe+%2F+Renew%27+page+will+be+down+on+Wednesday+05th+July+starting+at+08.00+EDT+%2F+13.00+BST+%2F+17.30+IST+for+up+to+75+minutes+due+to+essential+maintenance.\">PDF<\/a><\/p>\n<p>\u0160imek K, Pitsch G, Salcher M M, Sirov\u00e1 D, Shabarov\u00e1 T, Adamec L, Posch T (2017) Ecological Traits of the Algae-Bearing <em>Tetrahymena utriculariae<\/em> (Ciliophora) from Traps of the Aquatic Carnivorous Plant <em>Utricularia reflexa.<\/em> Journal of Eukaryotic Microbiology 64: 336-348. doi: 10.1111\/jeu.12368. <a href=\"http:\/\/onlinelibrary.wiley.com\/doi\/10.1111\/jeu.12368\/abstract\">PDF<\/a><\/p>\n<p>Sonntag B, Kammerlander B, Summerer M (2017) Bioaccumulation of ultraviolet sunscreen compounds (mycosporine-like amino acids) by the heterotrophic freshwater ciliate <em>Bursaridium<\/em> living in alpine lakes. Inland Waters 7: 55-64. <a href=\"http:\/\/www.tandfonline.com\/doi\/full\/10.1080\/20442041.2017.1294348\">PDF<\/a><\/p>\n<p><strong>2016<\/strong><br \/>\nKammerlander B, Koinig KA, Rott E, Sommaruga R, Tartarotti B, Trattner F, Sonntag B (2016) Ciliate community structure and interactions within the planktonic food web in two alpine lakes of contrasting transparency. Freshwater Biology 61:1950-1965. <a href=\"http:\/\/onlinelibrary.wiley.com\/doi\/10.1111\/fwb.12828\/abstract\" target=\"_blank\">PDF<\/a><\/p>\n<p>Slaveykova V, Sonntag B, Guti\u00e9rrez JC (2016) Stress and protists: no life without stress. European Journal of Protistology 55:39-49. <a href=\"http:\/\/www.sciencedirect.com\/science\/article\/pii\/S0932473916300414\">PDF<\/a><\/p>\n<p>Sonntag B. (2016). Unseen worlds: microscopic lake plankton fuel food chains and befriend algae. Scientia. <a href=\"http:\/\/www.scientia.global\/dr-bettina-sonntag-science-diffusion\/\">PDF<\/a><\/p>\n<p>Yankova Y, Villiger J, Pernthaler J, Schanz F, Posch T (2016) Prolongation, deepening and warming of the metalimnion change habitat conditions of the harmful filamentous cyanobacterium <em>Planktothrix rubescens<\/em> in a prealpine lake. Hydrobiologia 776: 125-138. <a href=\"https:\/\/link.springer.com\/article\/10.1007\/s10750-016-2745-3\">PDF<\/a><\/p>\n<p><strong>2015<\/strong><br \/>\nKammerlander B, Breiner H-W, Filker S, Sommaruga R, Sonntag B, Stoeck T (2015) High diversity of protistan plankton communities in remote high mountain lakes in the European Alps and the Himalaya mountains. FEMS Microbiology Ecology 91:fiv010. <a href=\"https:\/\/www.ncbi.nlm.nih.gov\/pmc\/articles\/PMC4399440\/\">PDF<\/a><\/p>\n<p>Posch T, Eugster B, Pomati F, Pernthaler J, Pitsch G, Eckert E.M. (2015) Network of interactions between ciliates and phytoplankton during spring. Frontiers in Microbiology 6: 1289. doi: 10.3389\/fmicb.2015.01289. <a href=\"http:\/\/journal.frontiersin.org\/article\/10.3389\/fmicb.2015.01289\/full\">PDF<\/a><\/p>\n","protected":false},"excerpt":{"rendered":"<p>2020 For more details see www.ciliates.at 2019 Pitsch G, Bruni EP, Forster D, Qu Z, Sonntag B, Stoeck T, Posch T (2019) Seasonality of planktonic freshwater ciliates: are analyses based on V9 regions of the 18S rRNA gene correlated with morphospecies counts? Frontiers in Microbiology: Aquatic Microbiology 10:248. PDF 2018 Kammerlander B, Tartarotti B, Sonntag [&hellip;]<\/p>\n","protected":false},"author":1,"featured_media":0,"parent":0,"menu_order":0,"comment_status":"closed","ping_status":"open","template":"","meta":[],"_links":{"self":[{"href":"http:\/\/ciliatenets.ciliates.at\/en\/wp-json\/wp\/v2\/pages\/11"}],"collection":[{"href":"http:\/\/ciliatenets.ciliates.at\/en\/wp-json\/wp\/v2\/pages"}],"about":[{"href":"http:\/\/ciliatenets.ciliates.at\/en\/wp-json\/wp\/v2\/types\/page"}],"author":[{"embeddable":true,"href":"http:\/\/ciliatenets.ciliates.at\/en\/wp-json\/wp\/v2\/users\/1"}],"replies":[{"embeddable":true,"href":"http:\/\/ciliatenets.ciliates.at\/en\/wp-json\/wp\/v2\/comments?post=11"}],"version-history":[{"count":37,"href":"http:\/\/ciliatenets.ciliates.at\/en\/wp-json\/wp\/v2\/pages\/11\/revisions"}],"predecessor-version":[{"id":698,"href":"http:\/\/ciliatenets.ciliates.at\/en\/wp-json\/wp\/v2\/pages\/11\/revisions\/698"}],"wp:attachment":[{"href":"http:\/\/ciliatenets.ciliates.at\/en\/wp-json\/wp\/v2\/media?parent=11"}],"curies":[{"name":"wp","href":"https:\/\/api.w.org\/{rel}","templated":true}]}}